{"id":33325,"date":"2023-09-18T12:15:00","date_gmt":"2023-09-18T16:15:00","guid":{"rendered":"https:\/\/fmcsaupdate.com\/?page_id=33325"},"modified":"2023-09-20T13:37:33","modified_gmt":"2023-09-20T17:37:33","slug":"renewucr-lp-v1","status":"publish","type":"page","link":"https:\/\/fmcsaupdate.com\/es\/renewucr-lp-v1\/","title":{"rendered":"RenewUCR LP v1"},"content":{"rendered":"<div data-elementor-type=\"wp-page\" data-elementor-id=\"33325\" class=\"elementor elementor-33325\" data-elementor-post-type=\"page\">\n\t\t\t\t\t\t<section class=\"elementor-section elementor-top-section elementor-element elementor-element-5a36474c elementor-section-boxed elementor-section-height-default elementor-section-height-default\" data-id=\"5a36474c\" data-element_type=\"section\" data-settings=\"{&quot;background_background&quot;:&quot;classic&quot;}\">\n\t\t\t\t\t\t<div class=\"elementor-container elementor-column-gap-default\">\n\t\t\t\t\t<div class=\"elementor-column elementor-col-50 elementor-top-column elementor-element elementor-element-6daf7a36\" data-id=\"6daf7a36\" data-element_type=\"column\">\n\t\t\t<div class=\"elementor-widget-wrap elementor-element-populated\">\n\t\t\t\t\t\t<div class=\"elementor-element elementor-element-5f8f0efa elementor-hidden-mobile elementor-widget elementor-widget-spacer\" data-id=\"5f8f0efa\" data-element_type=\"widget\" data-widget_type=\"spacer.default\">\n\t\t\t\t<div class=\"elementor-widget-container\">\n\t\t\t\t\t<div class=\"elementor-spacer\">\n\t\t\t<div class=\"elementor-spacer-inner\"><\/div>\n\t\t<\/div>\n\t\t\t\t<\/div>\n\t\t\t\t<\/div>\n\t\t\t\t<div class=\"elementor-element elementor-element-1f3a4a1 elementor-widget elementor-widget-text-editor\" data-id=\"1f3a4a1\" data-element_type=\"widget\" data-widget_type=\"text-editor.default\">\n\t\t\t\t<div class=\"elementor-widget-container\">\n\t\t\t\t\t\t\t<h3><span style=\"color: #ffffff;\">Portal de la UCR<\/span><\/h3><p>\u00a0<\/p>\t\t\t\t\t\t<\/div>\n\t\t\t\t<\/div>\n\t\t\t\t<div class=\"elementor-element elementor-element-2951d417 elementor-hidden-mobile elementor-widget elementor-widget-spacer\" data-id=\"2951d417\" data-element_type=\"widget\" data-widget_type=\"spacer.default\">\n\t\t\t\t<div class=\"elementor-widget-container\">\n\t\t\t\t\t<div class=\"elementor-spacer\">\n\t\t\t<div class=\"elementor-spacer-inner\"><\/div>\n\t\t<\/div>\n\t\t\t\t<\/div>\n\t\t\t\t<\/div>\n\t\t\t\t<div class=\"elementor-element elementor-element-6c89c591 elementor-hidden-mobile elementor-widget elementor-widget-spacer\" data-id=\"6c89c591\" data-element_type=\"widget\" data-widget_type=\"spacer.default\">\n\t\t\t\t<div class=\"elementor-widget-container\">\n\t\t\t\t\t<div class=\"elementor-spacer\">\n\t\t\t<div class=\"elementor-spacer-inner\"><\/div>\n\t\t<\/div>\n\t\t\t\t<\/div>\n\t\t\t\t<\/div>\n\t\t\t\t\t<\/div>\n\t\t<\/div>\n\t\t\t\t<div class=\"elementor-column elementor-col-50 elementor-top-column elementor-element elementor-element-499fe6c6\" data-id=\"499fe6c6\" data-element_type=\"column\">\n\t\t\t<div class=\"elementor-widget-wrap elementor-element-populated\">\n\t\t\t\t\t\t<div class=\"elementor-element elementor-element-32f83f49 elementor-hidden-mobile elementor-widget elementor-widget-spacer\" data-id=\"32f83f49\" data-element_type=\"widget\" data-widget_type=\"spacer.default\">\n\t\t\t\t<div class=\"elementor-widget-container\">\n\t\t\t\t\t<div class=\"elementor-spacer\">\n\t\t\t<div class=\"elementor-spacer-inner\"><\/div>\n\t\t<\/div>\n\t\t\t\t<\/div>\n\t\t\t\t<\/div>\n\t\t\t\t<div class=\"elementor-element elementor-element-51c3dfaf elementor-widget elementor-widget-text-editor\" data-id=\"51c3dfaf\" data-element_type=\"widget\" data-widget_type=\"text-editor.default\">\n\t\t\t\t<div class=\"elementor-widget-container\">\n\t\t\t\t\t\t\t<h2><span style=\"font-family: var( --e-global-typography-text-font-family ), Sans-serif; font-size: 1rem; font-weight: var( --e-global-typography-text-font-weight );\"><strong><span style=\"color: #ffff00;\">Abierto el plazo de presentaci\u00f3n de solicitudes de la UCR<\/span><\/strong><br \/><\/span><\/h2>\t\t\t\t\t\t<\/div>\n\t\t\t\t<\/div>\n\t\t\t\t\t<\/div>\n\t\t<\/div>\n\t\t\t\t\t<\/div>\n\t\t<\/section>\n\t\t\t\t<section class=\"elementor-section elementor-top-section elementor-element elementor-element-4ad7673e elementor-section-boxed elementor-section-height-default elementor-section-height-default\" data-id=\"4ad7673e\" data-element_type=\"section\">\n\t\t\t\t\t\t<div class=\"elementor-container elementor-column-gap-default\">\n\t\t\t\t\t<div class=\"elementor-column elementor-col-100 elementor-top-column elementor-element elementor-element-66e28a0c\" data-id=\"66e28a0c\" data-element_type=\"column\">\n\t\t\t<div class=\"elementor-widget-wrap elementor-element-populated\">\n\t\t\t\t\t\t<section class=\"elementor-section elementor-inner-section elementor-element elementor-element-582c7693 elementor-section-full_width elementor-section-height-default elementor-section-height-default\" data-id=\"582c7693\" data-element_type=\"section\">\n\t\t\t\t\t\t<div class=\"elementor-container elementor-column-gap-default\">\n\t\t\t\t\t<div class=\"elementor-column elementor-col-50 elementor-inner-column elementor-element elementor-element-ec0ac62\" data-id=\"ec0ac62\" data-element_type=\"column\">\n\t\t\t<div class=\"elementor-widget-wrap elementor-element-populated\">\n\t\t\t\t\t\t<div class=\"elementor-element elementor-element-6bd777e9 elementor-widget elementor-widget-spacer\" data-id=\"6bd777e9\" data-element_type=\"widget\" data-widget_type=\"spacer.default\">\n\t\t\t\t<div class=\"elementor-widget-container\">\n\t\t\t\t\t<div class=\"elementor-spacer\">\n\t\t\t<div class=\"elementor-spacer-inner\"><\/div>\n\t\t<\/div>\n\t\t\t\t<\/div>\n\t\t\t\t<\/div>\n\t\t\t\t<div class=\"elementor-element elementor-element-99892c0 elementor-hidden-mobile elementor-widget elementor-widget-text-editor\" data-id=\"99892c0\" data-element_type=\"widget\" data-widget_type=\"text-editor.default\">\n\t\t\t\t<div class=\"elementor-widget-container\">\n\t\t\t\t\t\t\t<h2>REGISTRO UNIFICADO DE TRANSPORTISTAS<\/h2><h4>Informaci\u00f3n de presentaci\u00f3n:<\/h4><p>En\u00a0<b>2024 Inscripci\u00f3n UCR<\/b>De conformidad con el C\u00f3digo de Reglamentos Federales CFR 367, el pago final y la solicitud deben estar concluidos a finales del a\u00f1o anterior al periodo de presentaci\u00f3n del registro UCR. Como tal, el pago final y la solicitud deben ser presentados y procesados a finales del a\u00f1o 2023 para el per\u00edodo UCR 2024. Debido al gran n\u00famero de transportistas que deben presentar este registro, el per\u00edodo de presentaci\u00f3n se extiende desde octubre hasta diciembre de 2023 para permitir suficiente tiempo para el procesamiento de solicitudes y pagos. Si usted es nuevo en la industria del transporte, puede haber observado que durante los \u00faltimos 2 a\u00f1os, la fecha l\u00edmite para el Registro UCR fue alrededor del marco de tiempo de abril-julio. Este fue un caso \u00fanico debido a la liquidaci\u00f3n de las tasas de presentaci\u00f3n de UCR por la junta de UCR, como resultado de lo cual los per\u00edodos de presentaci\u00f3n se han retrasado. No obstante, <b>el plazo de presentaci\u00f3n del Registro UCR 2024 vuelve al calendario normal y comenzar\u00e1 el 1 de octubre de 2023, con fecha l\u00edmite el 31 de diciembre de 2023.<\/b><\/p><p>Para presentar el UCR 2024, <a href=\"\/es\/renewucr-form-v1\/\">haga clic aqu\u00ed.<\/a> Para m\u00e1s informaci\u00f3n, llame al <span style=\"color: #808080;\"><a style=\"color: #808080;\" href=\"call:18668660217\">(3<\/a>02) 830-3910 M<\/span>-DE 9.00 A 17.00 H.\u00a0<\/p><p>Este sitio web no est\u00e1 afiliado al Plan Unificado de Registro de Transportistas. Este sitio web est\u00e1 gestionado por una empresa privada que ofrece un servicio de registro privado por una tarifa adicional. No est\u00e1 obligado a utilizar este sitio para registrarse en el Plan UCR. Puede registrarse directamente en el Plan UCR en<span style=\"color: #808080;\">\u00a0<a style=\"color: #808080;\" href=\"https:\/\/ucr.gov\/\">www.ucr.gov<\/a><\/span><\/p>\t\t\t\t\t\t<\/div>\n\t\t\t\t<\/div>\n\t\t\t\t\t<\/div>\n\t\t<\/div>\n\t\t\t\t<div class=\"elementor-column elementor-col-50 elementor-inner-column elementor-element elementor-element-25d8e751\" data-id=\"25d8e751\" data-element_type=\"column\">\n\t\t\t<div class=\"elementor-widget-wrap elementor-element-populated\">\n\t\t\t\t\t\t<div class=\"elementor-element elementor-element-217dfb48 elementor-widget elementor-widget-spacer\" data-id=\"217dfb48\" data-element_type=\"widget\" data-widget_type=\"spacer.default\">\n\t\t\t\t<div class=\"elementor-widget-container\">\n\t\t\t\t\t<div class=\"elementor-spacer\">\n\t\t\t<div class=\"elementor-spacer-inner\"><\/div>\n\t\t<\/div>\n\t\t\t\t<\/div>\n\t\t\t\t<\/div>\n\t\t\t\t<div class=\"elementor-element elementor-element-1e49e7e1 elementor-widget elementor-widget-text-editor\" data-id=\"1e49e7e1\" data-element_type=\"widget\" data-widget_type=\"text-editor.default\">\n\t\t\t\t<div class=\"elementor-widget-container\">\n\t\t\t\t\t\t\t<h3 style=\"text-align: center;\"><strong><span style=\"color: #000000;\">Ya est\u00e1 abierta la presentaci\u00f3n de solicitudes en l\u00ednea<\/span><\/strong><\/h3>\t\t\t\t\t\t<\/div>\n\t\t\t\t<\/div>\n\t\t\t\t<div class=\"elementor-element elementor-element-4e27a83a elementor-align-center elementor-hidden-tablet elementor-hidden-mobile elementor-widget elementor-widget-button\" data-id=\"4e27a83a\" data-element_type=\"widget\" data-widget_type=\"button.default\">\n\t\t\t\t<div class=\"elementor-widget-container\">\n\t\t\t\t\t\t\t<div class=\"elementor-button-wrapper\">\n\t\t\t\t\t<a class=\"elementor-button elementor-button-link elementor-size-xl\" href=\"\/es\/renewucr-form-v1\/\">\n\t\t\t\t\t\t<span class=\"elementor-button-content-wrapper\">\n\t\t\t\t\t\t\t\t\t<span class=\"elementor-button-text\">Archivar UCR ahora<\/span>\n\t\t\t\t\t<\/span>\n\t\t\t\t\t<\/a>\n\t\t\t\t<\/div>\n\t\t\t\t\t\t<\/div>\n\t\t\t\t<\/div>\n\t\t\t\t<div class=\"elementor-element elementor-element-27a37f55 elementor-align-center elementor-hidden-desktop elementor-widget elementor-widget-button\" data-id=\"27a37f55\" data-element_type=\"widget\" data-widget_type=\"button.default\">\n\t\t\t\t<div class=\"elementor-widget-container\">\n\t\t\t\t\t\t\t<div class=\"elementor-button-wrapper\">\n\t\t\t\t\t<a class=\"elementor-button elementor-button-link elementor-size-xl\" href=\"\/es\/renewucr-form-v1\/\">\n\t\t\t\t\t\t<span class=\"elementor-button-content-wrapper\">\n\t\t\t\t\t\t\t\t\t<span class=\"elementor-button-text\">Archivo en l\u00ednea<\/span>\n\t\t\t\t\t<\/span>\n\t\t\t\t\t<\/a>\n\t\t\t\t<\/div>\n\t\t\t\t\t\t<\/div>\n\t\t\t\t<\/div>\n\t\t\t\t<div class=\"elementor-element elementor-element-7e22ebb3 elementor-widget elementor-widget-text-editor\" data-id=\"7e22ebb3\" data-element_type=\"widget\" data-widget_type=\"text-editor.default\">\n\t\t\t\t<div class=\"elementor-widget-container\">\n\t\t\t\t\t\t\t<h3><span style=\"color: #000000;\">2023-2024 Resumen del Reglamento UCR<\/span><\/h3><p><span style=\"color: #000000;\"><b>Nombre:<\/b> Registro Unificado de Transportistas (UCR)\u00a0<\/span><\/p><p><span style=\"color: #000000;\"><b>C\u00f3digo del Reglamento:<\/b> FMCSR 367<\/span><\/p><p><span style=\"color: #000000;\"><b>Fecha l\u00edmite: <\/b>Se aceptan preinscripciones para la UCR de 2024<\/span><\/p><p><span style=\"color: #000000;\"><b>Frecuencia:\u00a0<\/b>presentado una vez al a\u00f1o<\/span><\/p><p><span style=\"color: #000000;\"><b>\u00bfA qui\u00e9n va dirigido? <\/b>Interestatal, titulares del n\u00famero DOT de EE.UU.<\/span><\/p><p><span style=\"color: #000000;\"><b>Sanci\u00f3n:\u00a0<\/b>DOT desactivado y\/o hasta $10.000<\/span><\/p><h4><b><a href=\"\/es\/renewucr-form-v1\/\" rel=\"noopener\">Enlace directo a la actualizaci\u00f3n en l\u00ednea: Haga clic aqu\u00ed<\/a><\/b><\/h4>\t\t\t\t\t\t<\/div>\n\t\t\t\t<\/div>\n\t\t\t\t<div class=\"elementor-element elementor-element-eba304f elementor-hidden-desktop elementor-hidden-tablet elementor-widget elementor-widget-text-editor\" data-id=\"eba304f\" data-element_type=\"widget\" data-widget_type=\"text-editor.default\">\n\t\t\t\t<div class=\"elementor-widget-container\">\n\t\t\t\t\t\t\t<h2>REGISTRO UNIFICADO DE TRANSPORTISTAS<\/h2><h4>Informaci\u00f3n de presentaci\u00f3n:<\/h4><p>En\u00a0<b>2023 Registro UCR<\/b>De conformidad con el C\u00f3digo de Reglamentos Federales CFR 367, el pago final y la solicitud deben estar concluidos a finales del a\u00f1o anterior al periodo de presentaci\u00f3n del registro UCR. Como tal, el pago final y la solicitud deben ser presentados y procesados a finales del a\u00f1o 2020 para el per\u00edodo UCR 2021. Debido al gran n\u00famero de transportistas que deben presentar este registro, el per\u00edodo de presentaci\u00f3n se extiende desde octubre hasta diciembre de 2020 para permitir suficiente tiempo para el procesamiento de solicitudes y pagos. Si usted es nuevo en la industria del transporte puede haber observado que durante los \u00faltimos 2 a\u00f1os la fecha l\u00edmite para el Registro UCR fue alrededor del marco de tiempo de abril-julio. Este fue un caso \u00fanico debido a la liquidaci\u00f3n de las tasas de presentaci\u00f3n de UCR por la junta de UCR, como resultado de lo cual los per\u00edodos de presentaci\u00f3n se han retrasado. No obstante, <b>el plazo de presentaci\u00f3n del Registro UCR 2023 vuelve al calendario normal y comenzar\u00e1 en octubre de 2023 con un plazo final en diciembre de 2023.<\/b><\/p><p>Para presentar el UCR 2023, <a href=\"\/es\/ucr-2290\/\">haga clic aqu\u00ed.<\/a> Para m\u00e1s informaci\u00f3n, llame al\u00a0<span style=\"color: #808080;\"><a style=\"color: #808080;\" href=\"call:18668660217\">(3<\/a>02)-830-3910 M<\/span>-DE 9.00 A 17.00 H.\u00a0<\/p><p>Este sitio web no est\u00e1 afiliado al Plan Unificado de Registro de Transportistas. Este sitio web est\u00e1 gestionado por una empresa privada que ofrece un servicio de registro privado por una tarifa adicional. No est\u00e1 obligado a utilizar este sitio para registrarse en el Plan UCR. Puede registrarse directamente en el Plan UCR en<span style=\"color: #808080;\">\u00a0<a style=\"color: #808080;\" href=\"https:\/\/ucr.gov\/\">www.ucr.gov<\/a><\/span><\/p>\t\t\t\t\t\t<\/div>\n\t\t\t\t<\/div>\n\t\t\t\t\t<\/div>\n\t\t<\/div>\n\t\t\t\t\t<\/div>\n\t\t<\/section>\n\t\t\t\t\t<\/div>\n\t\t<\/div>\n\t\t\t\t\t<\/div>\n\t\t<\/section>\n\t\t\t\t<section class=\"elementor-section elementor-top-section elementor-element elementor-element-5f2ae948 elementor-section-boxed elementor-section-height-default elementor-section-height-default\" data-id=\"5f2ae948\" data-element_type=\"section\">\n\t\t\t\t\t\t<div class=\"elementor-container elementor-column-gap-default\">\n\t\t\t\t\t<div class=\"elementor-column elementor-col-100 elementor-top-column elementor-element elementor-element-192df320\" data-id=\"192df320\" data-element_type=\"column\">\n\t\t\t<div class=\"elementor-widget-wrap elementor-element-populated\">\n\t\t\t\t\t\t<section class=\"elementor-section elementor-inner-section elementor-element elementor-element-6e203847 elementor-section-full_width elementor-section-height-default elementor-section-height-default\" data-id=\"6e203847\" data-element_type=\"section\">\n\t\t\t\t\t\t<div class=\"elementor-container elementor-column-gap-default\">\n\t\t\t\t\t<div class=\"elementor-column elementor-col-50 elementor-inner-column elementor-element elementor-element-4e777f63\" data-id=\"4e777f63\" data-element_type=\"column\">\n\t\t\t<div class=\"elementor-widget-wrap elementor-element-populated\">\n\t\t\t\t\t\t<div class=\"elementor-element elementor-element-5fead2ae elementor-widget elementor-widget-text-editor\" data-id=\"5fead2ae\" data-element_type=\"widget\" data-widget_type=\"text-editor.default\">\n\t\t\t\t<div class=\"elementor-widget-container\">\n\t\t\t\t\t\t\t<h3>Presentaci\u00f3n de ayudas o preguntas:<\/h3><div><span style=\"color: #808080;\"><a style=\"color: #808080;\" href=\"tel: 13028303910\">(3<\/a>0<\/span>2) 830-3932 L-V 9:00-17:00 CT<\/div><div>Support@UpdateUCR.com<\/div>\t\t\t\t\t\t<\/div>\n\t\t\t\t<\/div>\n\t\t\t\t\t<\/div>\n\t\t<\/div>\n\t\t\t\t<div class=\"elementor-column elementor-col-50 elementor-inner-column elementor-element elementor-element-22a8f7c8\" data-id=\"22a8f7c8\" data-element_type=\"column\">\n\t\t\t<div class=\"elementor-widget-wrap\">\n\t\t\t\t\t\t\t<\/div>\n\t\t<\/div>\n\t\t\t\t\t<\/div>\n\t\t<\/section>\n\t\t\t\t<div class=\"elementor-element elementor-element-137c6a47 elementor-widget elementor-widget-spacer\" data-id=\"137c6a47\" data-element_type=\"widget\" data-widget_type=\"spacer.default\">\n\t\t\t\t<div class=\"elementor-widget-container\">\n\t\t\t\t\t<div class=\"elementor-spacer\">\n\t\t\t<div class=\"elementor-spacer-inner\"><\/div>\n\t\t<\/div>\n\t\t\t\t<\/div>\n\t\t\t\t<\/div>\n\t\t\t\t\t<\/div>\n\t\t<\/div>\n\t\t\t\t\t<\/div>\n\t\t<\/section>\n\t\t\t\t<section class=\"elementor-section elementor-top-section elementor-element elementor-element-7022381 elementor-section-boxed elementor-section-height-default elementor-section-height-default\" data-id=\"7022381\" data-element_type=\"section\" data-settings=\"{&quot;background_background&quot;:&quot;classic&quot;}\">\n\t\t\t\t\t\t<div class=\"elementor-container elementor-column-gap-default\">\n\t\t\t\t\t<div class=\"elementor-column elementor-col-66 elementor-top-column elementor-element elementor-element-8e42e97\" data-id=\"8e42e97\" data-element_type=\"column\">\n\t\t\t<div class=\"elementor-widget-wrap\">\n\t\t\t\t\t\t\t<\/div>\n\t\t<\/div>\n\t\t\t\t<div class=\"elementor-column elementor-col-33 elementor-top-column elementor-element elementor-element-248c6167\" data-id=\"248c6167\" data-element_type=\"column\">\n\t\t\t<div class=\"elementor-widget-wrap elementor-element-populated\">\n\t\t\t\t\t\t<div class=\"elementor-element elementor-element-4c541ce3 elementor-widget elementor-widget-spacer\" data-id=\"4c541ce3\" data-element_type=\"widget\" data-widget_type=\"spacer.default\">\n\t\t\t\t<div class=\"elementor-widget-container\">\n\t\t\t\t\t<div class=\"elementor-spacer\">\n\t\t\t<div class=\"elementor-spacer-inner\"><\/div>\n\t\t<\/div>\n\t\t\t\t<\/div>\n\t\t\t\t<\/div>\n\t\t\t\t<div class=\"elementor-element elementor-element-35c274f2 elementor-widget elementor-widget-text-editor\" data-id=\"35c274f2\" data-element_type=\"widget\" data-widget_type=\"text-editor.default\">\n\t\t\t\t<div class=\"elementor-widget-container\">\n\t\t\t\t\t\t\t<h4><span style=\"color: #ffffff;\">\u00bfSabe si sus otros formularios DOT est\u00e1n vencidos? Compruebe si su USDOT# cumple con las regulaciones de USDOT y FMCSA.<\/span><\/h4>\t\t\t\t\t\t<\/div>\n\t\t\t\t<\/div>\n\t\t\t\t<div class=\"elementor-element elementor-element-73a7169b elementor-widget elementor-widget-button\" data-id=\"73a7169b\" data-element_type=\"widget\" data-widget_type=\"button.default\">\n\t\t\t\t<div class=\"elementor-widget-container\">\n\t\t\t\t\t\t\t<div class=\"elementor-button-wrapper\">\n\t\t\t\t\t<a class=\"elementor-button elementor-button-link elementor-size-sm\" href=\"\/es\/renewucr-form\/\">\n\t\t\t\t\t\t<span class=\"elementor-button-content-wrapper\">\n\t\t\t\t\t\t\t\t\t<span class=\"elementor-button-text\">Comprobar mi estado de cumplimiento <\/span>\n\t\t\t\t\t<\/span>\n\t\t\t\t\t<\/a>\n\t\t\t\t<\/div>\n\t\t\t\t\t\t<\/div>\n\t\t\t\t<\/div>\n\t\t\t\t<div class=\"elementor-element elementor-element-3507f7c2 elementor-widget elementor-widget-spacer\" data-id=\"3507f7c2\" data-element_type=\"widget\" data-widget_type=\"spacer.default\">\n\t\t\t\t<div class=\"elementor-widget-container\">\n\t\t\t\t\t<div class=\"elementor-spacer\">\n\t\t\t<div class=\"elementor-spacer-inner\"><\/div>\n\t\t<\/div>\n\t\t\t\t<\/div>\n\t\t\t\t<\/div>\n\t\t\t\t\t<\/div>\n\t\t<\/div>\n\t\t\t\t\t<\/div>\n\t\t<\/section>\n\t\t\t\t<section class=\"elementor-section elementor-top-section elementor-element elementor-element-1eba10c8 elementor-section-boxed elementor-section-height-default elementor-section-height-default\" data-id=\"1eba10c8\" data-element_type=\"section\">\n\t\t\t\t\t\t<div class=\"elementor-container elementor-column-gap-default\">\n\t\t\t\t\t<div class=\"elementor-column elementor-col-100 elementor-top-column elementor-element elementor-element-42028a41\" data-id=\"42028a41\" data-element_type=\"column\">\n\t\t\t<div class=\"elementor-widget-wrap elementor-element-populated\">\n\t\t\t\t\t\t<div class=\"elementor-element elementor-element-49f4ffab elementor-widget elementor-widget-spacer\" data-id=\"49f4ffab\" data-element_type=\"widget\" data-widget_type=\"spacer.default\">\n\t\t\t\t<div class=\"elementor-widget-container\">\n\t\t\t\t\t<div class=\"elementor-spacer\">\n\t\t\t<div class=\"elementor-spacer-inner\"><\/div>\n\t\t<\/div>\n\t\t\t\t<\/div>\n\t\t\t\t<\/div>\n\t\t\t\t\t<\/div>\n\t\t<\/div>\n\t\t\t\t\t<\/div>\n\t\t<\/section>\n\t\t\t\t<\/div>","protected":false},"excerpt":{"rendered":"<p>UCR Filing Portal UCR Filing Now Open UNIFIED CARRIER REGISTRATION Informaci\u00f3n de presentaci\u00f3n: El Registro UCR 2024, seg\u00fan el C\u00f3digo de Regulaciones Federales CFR 367, debe estar finalizado a finales del a\u00f1o anterior al periodo de presentaci\u00f3n del Registro UCR. Como tal, el pago final y la solicitud deben ser presentados y procesados antes del final del [...]<\/p>","protected":false},"author":1,"featured_media":0,"parent":0,"menu_order":0,"comment_status":"closed","ping_status":"closed","template":"","meta":{"footnotes":""},"class_list":["post-33325","page","type-page","status-publish","hentry"],"_links":{"self":[{"href":"https:\/\/fmcsaupdate.com\/es\/wp-json\/wp\/v2\/pages\/33325","targetHints":{"allow":["GET"]}}],"collection":[{"href":"https:\/\/fmcsaupdate.com\/es\/wp-json\/wp\/v2\/pages"}],"about":[{"href":"https:\/\/fmcsaupdate.com\/es\/wp-json\/wp\/v2\/types\/page"}],"author":[{"embeddable":true,"href":"https:\/\/fmcsaupdate.com\/es\/wp-json\/wp\/v2\/users\/1"}],"replies":[{"embeddable":true,"href":"https:\/\/fmcsaupdate.com\/es\/wp-json\/wp\/v2\/comments?post=33325"}],"version-history":[{"count":0,"href":"https:\/\/fmcsaupdate.com\/es\/wp-json\/wp\/v2\/pages\/33325\/revisions"}],"wp:attachment":[{"href":"https:\/\/fmcsaupdate.com\/es\/wp-json\/wp\/v2\/media?parent=33325"}],"curies":[{"name":"wp","href":"https:\/\/api.w.org\/{rel}","templated":true}]}}