{"id":4953,"date":"2023-06-30T11:00:17","date_gmt":"2023-06-30T15:00:17","guid":{"rendered":"https:\/\/fmcsaupdate.com\/?page_id=4953"},"modified":"2023-07-18T11:09:22","modified_gmt":"2023-07-18T15:09:22","slug":"fmcsaupdate-terms-of-service","status":"publish","type":"page","link":"https:\/\/fmcsaupdate.com\/es\/fmcsaupdate-terms-of-service\/","title":{"rendered":"FmcsaUpdate Condiciones del servicio"},"content":{"rendered":"<div data-elementor-type=\"wp-page\" data-elementor-id=\"4953\" class=\"elementor elementor-4953\" data-elementor-post-type=\"page\">\n\t\t\t\t\t\t<section class=\"elementor-section elementor-top-section elementor-element elementor-element-808bdd2 elementor-section-boxed elementor-section-height-default elementor-section-height-default\" data-id=\"808bdd2\" data-element_type=\"section\">\n\t\t\t\t\t\t<div class=\"elementor-container elementor-column-gap-default\">\n\t\t\t\t\t<div class=\"elementor-column elementor-col-100 elementor-top-column elementor-element elementor-element-999f60c\" data-id=\"999f60c\" data-element_type=\"column\">\n\t\t\t<div class=\"elementor-widget-wrap elementor-element-populated\">\n\t\t\t\t\t\t<div class=\"elementor-element elementor-element-252c9c8 elementor-widget elementor-widget-text-editor\" data-id=\"252c9c8\" data-element_type=\"widget\" data-widget_type=\"text-editor.default\">\n\t\t\t\t<div class=\"elementor-widget-container\">\n\t\t\t\t\t\t\t<p>Los siguientes T\u00e9rminos y Condiciones se incorporar\u00e1n por referencia a cualquier pedido presentado<br \/>a trav\u00e9s de Dynamic Holding Group LLC, DBA Western Compliance Group (WCG), e hizo parte de ella<br \/>(en lo sucesivo, la \"Empresa\").<\/p><p>Este acuerdo se celebra entre la empresa y cualquier cliente que trabaje con fines comerciales.<br \/>veh\u00edculos, como transportistas, intermediarios y transitarios, junto con el cliente debidamente<br \/>agentes autorizados (en lo sucesivo, el \"Cliente\"). Las presentes Condiciones Generales podr\u00e1n ser modificadas<br \/>por la Compa\u00f1\u00eda en cualquier momento, con o sin previo aviso. En caso de circunstancias imprevistas,<br \/>la Empresa no ser\u00e1 responsable de las p\u00e9rdidas causadas por el incumplimiento del acuerdo.<br \/>El Cliente entiende que la Sociedad es una empresa que presta una amplia asistencia para la presentaci\u00f3n de<br \/>servicios para el Cliente, como los que se enumeran a continuaci\u00f3n.<\/p><p>La Empresa se compromete a prestar los siguientes servicios a los Clientes:<br \/>N\u00famero de Identificaci\u00f3n Patronal (EIN), Activaci\u00f3n USDOT#, Reactivaci\u00f3n USDOT#, Transportista Unificado<br \/>(UCR), Registro de Veh\u00edculos de Motor (MVR), Informe de Identificaci\u00f3n del Transportista (MCS-150), Pre-<br \/>Detecci\u00f3n de Empleo (PSP), y servicios relacionados.<\/p><p>La empresa presta servicio de atenci\u00f3n al cliente de lunes a viernes, de 05:00 a 18:00 horas (PST).<br \/>Las solicitudes de servicios de archivo se presentan a la empresa por tel\u00e9fono, navegador web, correo electr\u00f3nico o en persona.<br \/>comunicaci\u00f3n. El Cliente se compromete a facilitar a la Empresa la informaci\u00f3n necesaria para completar<br \/>todos los servicios. El Cliente es responsable de proporcionar informaci\u00f3n precisa y completa. Dicha informaci\u00f3n<br \/>se utiliza y conserva de acuerdo con los t\u00e9rminos de nuestra Pol\u00edtica de Privacidad.<\/p><p>La Empresa presta servicios a petici\u00f3n del Cliente y a cambio de una remuneraci\u00f3n. Este<br \/>La remuneraci\u00f3n var\u00eda en funci\u00f3n de las circunstancias del Cliente y, en consecuencia, de los tipos de servicios<br \/>proporcionados por la Empresa. La Empresa tambi\u00e9n ofrece atenci\u00f3n al cliente para ayuda y asistencia.<br \/>Tras realizar un pedido, se crea un formulario de autorizaci\u00f3n. Este formulario debe firmarse electr\u00f3nicamente y<br \/>verificada por el Cliente antes de proceder. Esta firma electr\u00f3nica constituir\u00e1 una firma real y<br \/>se transmitir\u00e1 al Departamento de Transporte de Estados Unidos como parte del proceso de presentaci\u00f3n.<br \/>Una vez que la Sociedad reciba el formulario de autorizaci\u00f3n firmado y se tramite el pago, la presentaci\u00f3n<br \/>comienza el proceso. Al firmar el formulario de Autorizaci\u00f3n, el Cliente otorga a la Empresa el derecho a cobrar el<br \/>Tarjeta de cr\u00e9dito\/d\u00e9bito v\u00e1lida del cliente en el archivo para el pago designado. No se prestar\u00e1 ning\u00fan servicio al<br \/>Cliente hasta que se efect\u00faen los cargos. Adem\u00e1s, el Cliente entiende que esta autorizaci\u00f3n ser\u00e1 v\u00e1lida<br \/>hasta que el pago se realice en su totalidad.<\/p><p>Si el pedido del Cliente incluye la Solicitud de Inscripci\u00f3n en el Programa de Notificaci\u00f3n de Retirada del Empleador (EPN) o\/y el Motor<br \/>WCG cumplimentar\u00e1 los formularios de Solicitud de Permiso de Transportista (MCP), completar\u00e1 la presentaci\u00f3n de la documentaci\u00f3n necesaria y<br \/>enviarlos por correo a la direcci\u00f3n del Cliente para su firma. El Cliente asume toda la responsabilidad de firmar y<br \/>enviar los formularios al DMV.<\/p><p>La Sociedad tiene derecho a rechazar pedidos si un Cliente no paga o no tiene la voluntad de hacer un<br \/>pago. De hecho, la Empresa se reserva el derecho de cancelar cualquier pedido en cualquier momento y por cualquier motivo.<br \/>Los precios son fijados por la Empresa y acordados con el Cliente. Si el Cliente firma el Formulario de Autorizaci\u00f3n<br \/>indicando el precio de pago, eso significa que el Cliente ha aceptado el precio. En caso de modificaci\u00f3n del precio,<br \/>el Cliente ser\u00e1 notificado por un agente de la Empresa. En caso de duda sobre el precio de un servicio,<br \/>el Cliente deber\u00e1 ponerse en contacto directamente con un agente de la Compa\u00f1\u00eda para su confirmaci\u00f3n y aclaraci\u00f3n.<br \/>Si el Cliente solicita la anulaci\u00f3n de un pedido antes de que se haya tramitado el expediente, podr\u00e1 tener derecho a<br \/>a un reembolso parcial. Sin embargo, si todo el proceso de presentaci\u00f3n se complet\u00f3 en el momento de la solicitud, no<br \/>se efectuar\u00e1 el reembolso. Todos los pedidos se asignan a un agente y se procesan autom\u00e1ticamente en nuestro servidor seguro.<br \/>tan pronto como el formulario de pedido sea firmado por el cliente. WCG no puede ajustar o<br \/>cancelar pedidos una vez que el pedido haya sido asignado y la solicitud haya sido iniciada\/tramitada. En caso de<br \/>cancelaci\u00f3n del pedido tras la firma del formulario, el Cliente estar\u00e1 obligado a reembolsar a WCG todos los honorarios<br \/>incurridos en la preparaci\u00f3n y tramitaci\u00f3n de la solicitud. Esto incluir\u00e1 el precio inicial y las ventas<br \/>impuestos.<\/p><p>Si un servicio aparece en el sitio web de la Empresa con un precio incorrecto debido a un error tipogr\u00e1fico o de precio,<br \/>la Empresa tiene derecho a anular o rechazar cualquier pedido de servicios cuyo precio sea incorrecto. El sitio<br \/>La empresa tiene derecho a cancelar estos pedidos, independientemente de si el pedido ha sido confirmado y<br \/>el cargo en la tarjeta de cr\u00e9dito v\u00e1lida del Cliente. Si se ha cargado una compra en la cuenta del Cliente y el<br \/>Si el pedido se cancela, la Empresa emitir\u00e1 un abono en la misma tarjeta por el importe del pedido incorrecto.<br \/>precio.<\/p>\t\t\t\t\t\t<\/div>\n\t\t\t\t<\/div>\n\t\t\t\t\t<\/div>\n\t\t<\/div>\n\t\t\t\t\t<\/div>\n\t\t<\/section>\n\t\t\t\t<\/div>","protected":false},"excerpt":{"rendered":"<p>Los siguientes T\u00e9rminos y Condiciones se incorporar\u00e1n por referencia a cualquier pedido presentado a trav\u00e9s de Dynamic Holding Group LLC, DBA Western Compliance Group (WCG), y formar\u00e1n parte del mismo (en lo sucesivo, la \"Empresa\"). Este acuerdo se celebra entre la Compa\u00f1\u00eda y cualquier cliente que trabaje con veh\u00edculos comerciales, tales como transportistas, corredores y transitarios, junto [...].<\/p>","protected":false},"author":1,"featured_media":0,"parent":0,"menu_order":0,"comment_status":"closed","ping_status":"closed","template":"","meta":{"footnotes":""},"class_list":["post-4953","page","type-page","status-publish","hentry"],"_links":{"self":[{"href":"https:\/\/fmcsaupdate.com\/es\/wp-json\/wp\/v2\/pages\/4953","targetHints":{"allow":["GET"]}}],"collection":[{"href":"https:\/\/fmcsaupdate.com\/es\/wp-json\/wp\/v2\/pages"}],"about":[{"href":"https:\/\/fmcsaupdate.com\/es\/wp-json\/wp\/v2\/types\/page"}],"author":[{"embeddable":true,"href":"https:\/\/fmcsaupdate.com\/es\/wp-json\/wp\/v2\/users\/1"}],"replies":[{"embeddable":true,"href":"https:\/\/fmcsaupdate.com\/es\/wp-json\/wp\/v2\/comments?post=4953"}],"version-history":[{"count":0,"href":"https:\/\/fmcsaupdate.com\/es\/wp-json\/wp\/v2\/pages\/4953\/revisions"}],"wp:attachment":[{"href":"https:\/\/fmcsaupdate.com\/es\/wp-json\/wp\/v2\/media?parent=4953"}],"curies":[{"name":"wp","href":"https:\/\/api.w.org\/{rel}","templated":true}]}}